{"id":9643,"date":"2024-03-11T19:52:01","date_gmt":"2024-03-11T19:52:01","guid":{"rendered":"http:\/\/barboniautos.com.ar\/?page_id=9643"},"modified":"2024-03-11T19:56:34","modified_gmt":"2024-03-11T19:56:34","slug":"vender","status":"publish","type":"page","link":"https:\/\/barboniautos.com.ar\/?page_id=9643","title":{"rendered":"Vender"},"content":{"rendered":"\t\t<div data-elementor-type=\"wp-page\" data-elementor-id=\"9643\" class=\"elementor elementor-9643\">\n\t\t\t\t\t\t<section class=\"wd-negative-gap elementor-section elementor-top-section elementor-element elementor-element-e089700 elementor-section-boxed elementor-section-height-default elementor-section-height-default wd-section-disabled\" data-id=\"e089700\" data-element_type=\"section\">\n\t\t\t\t\t\t<div class=\"elementor-container elementor-column-gap-default\">\n\t\t\t\t\t<div class=\"elementor-column elementor-col-50 elementor-top-column elementor-element elementor-element-7bf3d21\" data-id=\"7bf3d21\" data-element_type=\"column\">\n\t\t\t<div class=\"elementor-widget-wrap elementor-element-populated\">\n\t\t\t\t\t\t<div class=\"elementor-element elementor-element-898c698 elementor-widget elementor-widget-wd_text_block\" data-id=\"898c698\" data-element_type=\"widget\" data-widget_type=\"wd_text_block.default\">\n\t\t\t\t<div class=\"elementor-widget-container\">\n\t\t\t\t\t\t<link rel=\"stylesheet\" id=\"wd-text-block-css\" href=\"https:\/\/barboniautos.com.ar\/wp-content\/themes\/woodmart\/css\/parts\/el-text-block.min.css?ver=7.1.4\" type=\"text\/css\" media=\"all\" \/> \t\t\t\t\t<div class=\"wd-text-block reset-last-child text-left\">\n\t\t\t\n\t\t\t<h1 class=\"heading-1 heading-custom\" style=\"margin-bottom: 0.5rem; font-size: 2rem; width: 451px; line-height: 1.2; font-weight: 500; font-family: var(--font-title),var(--font-default),var(--font-fallback-sans-serif); font-style: normal; font-variant-ligatures: normal; font-variant-caps: normal; text-transform: none; white-space-collapse: collapse; color: black;\"><span style=\"color: #c61112;\">Compramos o tomamos en parte de pago tu auto<\/span><\/h1>\n\t\t\t\t\t<\/div>\n\t\t\t\t<\/div>\n\t\t\t\t<\/div>\n\t\t\t\t<div class=\"elementor-element elementor-element-f34e05f elementor-widget elementor-widget-wd_text_block\" data-id=\"f34e05f\" data-element_type=\"widget\" data-widget_type=\"wd_text_block.default\">\n\t\t\t\t<div class=\"elementor-widget-container\">\n\t\t\t\t\t<div class=\"wd-text-block reset-last-child text-left color-primary\">\n\t\t\t\n\t\t\t<h4>Despreoc\u00fapate de los tr\u00e1mites! Te compramos tu auto. Ofrecemos pago en pesos o d\u00f3lares.<\/h4><h4 class=\"title\">Contactanos, te hacemos una oferta y compramos tu auto en menos de 24 hrs.<\/h4>\n\t\t\t\t\t<\/div>\n\t\t\t\t<\/div>\n\t\t\t\t<\/div>\n\t\t\t\t<div class=\"elementor-element elementor-element-f88f91c elementor-widget__width-initial elementor-widget elementor-widget-button\" data-id=\"f88f91c\" data-element_type=\"widget\" data-widget_type=\"button.default\">\n\t\t\t\t<div class=\"elementor-widget-container\">\n\t\t\t\t\t<div class=\"elementor-button-wrapper\">\n\t\t\t<a class=\"elementor-button elementor-button-link elementor-size-sm\" href=\"https:\/\/api.whatsapp.com\/send?phone=5492214389968&#038;text=Hola\">\n\t\t\t\t\t\t<span class=\"elementor-button-content-wrapper\">\n\t\t\t\t\t\t<span class=\"elementor-button-text\">Vender auto<\/span>\n\t\t<\/span>\n\t\t\t\t\t<\/a>\n\t\t<\/div>\n\t\t\t\t<\/div>\n\t\t\t\t<\/div>\n\t\t\t\t<div class=\"elementor-element elementor-element-a15cb59 elementor-widget__width-initial elementor-widget elementor-widget-button\" data-id=\"a15cb59\" data-element_type=\"widget\" data-widget_type=\"button.default\">\n\t\t\t\t<div class=\"elementor-widget-container\">\n\t\t\t\t\t<div class=\"elementor-button-wrapper\">\n\t\t\t<a class=\"elementor-button elementor-button-link elementor-size-sm\" href=\"https:\/\/api.whatsapp.com\/send?phone=5492214389968&#038;text=Hola\">\n\t\t\t\t\t\t<span class=\"elementor-button-content-wrapper\">\n\t\t\t\t\t\t<span class=\"elementor-button-text\">Cambiar auto<\/span>\n\t\t<\/span>\n\t\t\t\t\t<\/a>\n\t\t<\/div>\n\t\t\t\t<\/div>\n\t\t\t\t<\/div>\n\t\t\t\t\t<\/div>\n\t\t<\/div>\n\t\t\t\t<div class=\"elementor-column elementor-col-50 elementor-top-column elementor-element elementor-element-16a8224\" data-id=\"16a8224\" data-element_type=\"column\">\n\t\t\t<div class=\"elementor-widget-wrap elementor-element-populated\">\n\t\t\t\t\t\t<div class=\"elementor-element elementor-element-ff98f3b elementor-widget elementor-widget-image\" data-id=\"ff98f3b\" data-element_type=\"widget\" data-widget_type=\"image.default\">\n\t\t\t\t<div class=\"elementor-widget-container\">\n\t\t\t<style>\/*! elementor - v3.20.0 - 20-03-2024 *\/\n.elementor-widget-image{text-align:center}.elementor-widget-image a{display:inline-block}.elementor-widget-image a img[src$=\".svg\"]{width:48px}.elementor-widget-image img{vertical-align:middle;display:inline-block}<\/style>\t\t\t\t\t\t\t\t\t\t<img fetchpriority=\"high\" decoding=\"async\" width=\"675\" height=\"800\" src=\"https:\/\/barboniautos.com.ar\/wp-content\/uploads\/2024\/03\/WhatsApp-Image-2024-02-27-at-19.12.09-675x800.jpg\" class=\"attachment-large size-large wp-image-9645\" alt=\"\" srcset=\"https:\/\/barboniautos.com.ar\/wp-content\/uploads\/2024\/03\/WhatsApp-Image-2024-02-27-at-19.12.09-675x800.jpg 675w, https:\/\/barboniautos.com.ar\/wp-content\/uploads\/2024\/03\/WhatsApp-Image-2024-02-27-at-19.12.09-253x300.jpg 253w, https:\/\/barboniautos.com.ar\/wp-content\/uploads\/2024\/03\/WhatsApp-Image-2024-02-27-at-19.12.09-430x509.jpg 430w, https:\/\/barboniautos.com.ar\/wp-content\/uploads\/2024\/03\/WhatsApp-Image-2024-02-27-at-19.12.09-700x829.jpg 700w, https:\/\/barboniautos.com.ar\/wp-content\/uploads\/2024\/03\/WhatsApp-Image-2024-02-27-at-19.12.09-148x175.jpg 148w, https:\/\/barboniautos.com.ar\/wp-content\/uploads\/2024\/03\/WhatsApp-Image-2024-02-27-at-19.12.09.jpg 747w\" sizes=\"(max-width: 675px) 100vw, 675px\" \/>\t\t\t\t\t\t\t\t\t\t\t\t\t<\/div>\n\t\t\t\t<\/div>\n\t\t\t\t\t<\/div>\n\t\t<\/div>\n\t\t\t\t\t<\/div>\n\t\t<\/section>\n\t\t\t\t<section class=\"elementor-section elementor-top-section elementor-element elementor-element-b4df191 elementor-section-full_width elementor-section-stretched elementor-section-height-default elementor-section-height-default wd-section-disabled\" data-id=\"b4df191\" data-element_type=\"section\" data-settings=\"{&quot;stretch_section&quot;:&quot;section-stretched&quot;,&quot;background_background&quot;:&quot;classic&quot;}\">\n\t\t\t\t\t\t\t<div class=\"elementor-background-overlay\"><\/div>\n\t\t\t\t\t\t\t<div class=\"elementor-container elementor-column-gap-default\">\n\t\t\t\t\t<div class=\"elementor-column elementor-col-33 elementor-top-column elementor-element elementor-element-31a8d1a\" data-id=\"31a8d1a\" data-element_type=\"column\">\n\t\t\t<div class=\"elementor-widget-wrap elementor-element-populated\">\n\t\t\t\t\t\t<div class=\"elementor-element elementor-element-85d50e0 elementor-view-stacked elementor-shape-square elementor-position-left elementor-mobile-position-top elementor-vertical-align-top elementor-widget elementor-widget-icon-box\" data-id=\"85d50e0\" data-element_type=\"widget\" data-widget_type=\"icon-box.default\">\n\t\t\t\t<div class=\"elementor-widget-container\">\n\t\t\t<link rel=\"stylesheet\" href=\"https:\/\/barboniautos.com.ar\/wp-content\/plugins\/elementor\/assets\/css\/widget-icon-box.min.css\">\t\t<div class=\"elementor-icon-box-wrapper\">\n\t\t\t\t\t\t<div class=\"elementor-icon-box-icon\">\n\t\t\t\t<a href=\"https:\/\/api.whatsapp.com\/send?phone=5492214389968&#038;text=Hola\" class=\"elementor-icon elementor-animation-\" tabindex=\"-1\">\n\t\t\t\t<i aria-hidden=\"true\" class=\"fab fa-whatsapp\"><\/i>\t\t\t\t<\/a>\n\t\t\t<\/div>\n\t\t\t\t\t\t<div class=\"elementor-icon-box-content\">\n\t\t\t\t<h3 class=\"elementor-icon-box-title\">\n\t\t\t\t\t<a href=\"https:\/\/api.whatsapp.com\/send?phone=5492214389968&#038;text=Hola\" >\n\t\t\t\t\t\t221-4389968\t\t\t\t\t<\/a>\n\t\t\t\t<\/h3>\n\t\t\t\t\t\t\t<\/div>\n\t\t<\/div>\n\t\t\t\t<\/div>\n\t\t\t\t<\/div>\n\t\t\t\t<div class=\"elementor-element elementor-element-bf08792 elementor-view-stacked elementor-shape-square elementor-position-left elementor-mobile-position-top elementor-vertical-align-top elementor-widget elementor-widget-icon-box\" data-id=\"bf08792\" data-element_type=\"widget\" data-widget_type=\"icon-box.default\">\n\t\t\t\t<div class=\"elementor-widget-container\">\n\t\t\t\t\t<div class=\"elementor-icon-box-wrapper\">\n\t\t\t\t\t\t<div class=\"elementor-icon-box-icon\">\n\t\t\t\t<a href=\"https:\/\/www.google.com\/maps\/place\/BARBONI+AUTOS\/@-34.9123665,-57.9913642,15z\/data=!4m6!3m5!1s0x95a2e6f9c4cd93ef:0x42639ee26fb00773!8m2!3d-34.9112755!4d-57.9821803!16s%2Fg%2F11f0kxv89p?entry=ttu\" class=\"elementor-icon elementor-animation-\" tabindex=\"-1\">\n\t\t\t\t<i aria-hidden=\"true\" class=\"fas fa-map-marker-alt\"><\/i>\t\t\t\t<\/a>\n\t\t\t<\/div>\n\t\t\t\t\t\t<div class=\"elementor-icon-box-content\">\n\t\t\t\t<h3 class=\"elementor-icon-box-title\">\n\t\t\t\t\t<a href=\"https:\/\/www.google.com\/maps\/place\/BARBONI+AUTOS\/@-34.9123665,-57.9913642,15z\/data=!4m6!3m5!1s0x95a2e6f9c4cd93ef:0x42639ee26fb00773!8m2!3d-34.9112755!4d-57.9821803!16s%2Fg%2F11f0kxv89p?entry=ttu\" >\n\t\t\t\t\t\tAv. 19 n\u00b0 38 entre 531 y 532, Tolosa, La Plata, Bs. As.\t\t\t\t\t<\/a>\n\t\t\t\t<\/h3>\n\t\t\t\t\t\t\t<\/div>\n\t\t<\/div>\n\t\t\t\t<\/div>\n\t\t\t\t<\/div>\n\t\t\t\t<div class=\"elementor-element elementor-element-463686f elementor-widget elementor-widget-image\" data-id=\"463686f\" data-element_type=\"widget\" data-widget_type=\"image.default\">\n\t\t\t\t<div class=\"elementor-widget-container\">\n\t\t\t\t\t\t\t\t\t\t\t\t\t<img decoding=\"async\" width=\"1300\" height=\"607\" src=\"https:\/\/barboniautos.com.ar\/wp-content\/uploads\/2024\/03\/WhatsApp-Image-2024-02-27-at-18.32.44-1300x607.jpeg\" class=\"attachment-large size-large wp-image-9627\" alt=\"\" srcset=\"https:\/\/barboniautos.com.ar\/wp-content\/uploads\/2024\/03\/WhatsApp-Image-2024-02-27-at-18.32.44-1300x607.jpeg 1300w, https:\/\/barboniautos.com.ar\/wp-content\/uploads\/2024\/03\/WhatsApp-Image-2024-02-27-at-18.32.44-400x187.jpeg 400w, https:\/\/barboniautos.com.ar\/wp-content\/uploads\/2024\/03\/WhatsApp-Image-2024-02-27-at-18.32.44-768x359.jpeg 768w, https:\/\/barboniautos.com.ar\/wp-content\/uploads\/2024\/03\/WhatsApp-Image-2024-02-27-at-18.32.44-1536x717.jpeg 1536w, https:\/\/barboniautos.com.ar\/wp-content\/uploads\/2024\/03\/WhatsApp-Image-2024-02-27-at-18.32.44-860x402.jpeg 860w, https:\/\/barboniautos.com.ar\/wp-content\/uploads\/2024\/03\/WhatsApp-Image-2024-02-27-at-18.32.44-430x201.jpeg 430w, https:\/\/barboniautos.com.ar\/wp-content\/uploads\/2024\/03\/WhatsApp-Image-2024-02-27-at-18.32.44-700x327.jpeg 700w, https:\/\/barboniautos.com.ar\/wp-content\/uploads\/2024\/03\/WhatsApp-Image-2024-02-27-at-18.32.44-148x69.jpeg 148w, https:\/\/barboniautos.com.ar\/wp-content\/uploads\/2024\/03\/WhatsApp-Image-2024-02-27-at-18.32.44.jpeg 1600w\" sizes=\"(max-width: 1300px) 100vw, 1300px\" \/>\t\t\t\t\t\t\t\t\t\t\t\t\t<\/div>\n\t\t\t\t<\/div>\n\t\t\t\t\t<\/div>\n\t\t<\/div>\n\t\t\t\t<div class=\"elementor-column elementor-col-66 elementor-top-column elementor-element elementor-element-dd2f761\" data-id=\"dd2f761\" data-element_type=\"column\">\n\t\t\t<div class=\"elementor-widget-wrap elementor-element-populated\">\n\t\t\t\t\t\t<div class=\"elementor-element elementor-element-63849fb elementor-widget elementor-widget-image\" data-id=\"63849fb\" data-element_type=\"widget\" data-widget_type=\"image.default\">\n\t\t\t\t<div class=\"elementor-widget-container\">\n\t\t\t\t\t\t\t\t\t\t\t\t\t<img decoding=\"async\" width=\"711\" height=\"325\" src=\"https:\/\/barboniautos.com.ar\/wp-content\/uploads\/2024\/03\/Captura-de-pantalla-2024-03-11-163433.jpg\" class=\"attachment-large size-large wp-image-9626\" alt=\"\" srcset=\"https:\/\/barboniautos.com.ar\/wp-content\/uploads\/2024\/03\/Captura-de-pantalla-2024-03-11-163433.jpg 711w, https:\/\/barboniautos.com.ar\/wp-content\/uploads\/2024\/03\/Captura-de-pantalla-2024-03-11-163433-400x183.jpg 400w, https:\/\/barboniautos.com.ar\/wp-content\/uploads\/2024\/03\/Captura-de-pantalla-2024-03-11-163433-430x197.jpg 430w, https:\/\/barboniautos.com.ar\/wp-content\/uploads\/2024\/03\/Captura-de-pantalla-2024-03-11-163433-700x320.jpg 700w, https:\/\/barboniautos.com.ar\/wp-content\/uploads\/2024\/03\/Captura-de-pantalla-2024-03-11-163433-148x68.jpg 148w\" sizes=\"(max-width: 711px) 100vw, 711px\" \/>\t\t\t\t\t\t\t\t\t\t\t\t\t<\/div>\n\t\t\t\t<\/div>\n\t\t\t\t\t<\/div>\n\t\t<\/div>\n\t\t\t\t\t<\/div>\n\t\t<\/section>\n\t\t\t\t<\/div>\n\t\t","protected":false},"excerpt":{"rendered":"<p>Compramos o tomamos en parte de pago tu auto Despreoc\u00fapate de los tr\u00e1mites! Te compramos tu auto. Ofrecemos pago en<\/p>\n","protected":false},"author":1,"featured_media":0,"parent":0,"menu_order":0,"comment_status":"closed","ping_status":"closed","template":"","meta":{"footnotes":""},"class_list":["post-9643","page","type-page","status-publish","hentry"],"_links":{"self":[{"href":"https:\/\/barboniautos.com.ar\/index.php?rest_route=\/wp\/v2\/pages\/9643","targetHints":{"allow":["GET"]}}],"collection":[{"href":"https:\/\/barboniautos.com.ar\/index.php?rest_route=\/wp\/v2\/pages"}],"about":[{"href":"https:\/\/barboniautos.com.ar\/index.php?rest_route=\/wp\/v2\/types\/page"}],"author":[{"embeddable":true,"href":"https:\/\/barboniautos.com.ar\/index.php?rest_route=\/wp\/v2\/users\/1"}],"replies":[{"embeddable":true,"href":"https:\/\/barboniautos.com.ar\/index.php?rest_route=%2Fwp%2Fv2%2Fcomments&post=9643"}],"version-history":[{"count":4,"href":"https:\/\/barboniautos.com.ar\/index.php?rest_route=\/wp\/v2\/pages\/9643\/revisions"}],"predecessor-version":[{"id":9648,"href":"https:\/\/barboniautos.com.ar\/index.php?rest_route=\/wp\/v2\/pages\/9643\/revisions\/9648"}],"wp:attachment":[{"href":"https:\/\/barboniautos.com.ar\/index.php?rest_route=%2Fwp%2Fv2%2Fmedia&parent=9643"}],"curies":[{"name":"wp","href":"https:\/\/api.w.org\/{rel}","templated":true}]}}